{"id":11,"date":"2011-11-25T12:50:40","date_gmt":"2011-11-25T20:50:40","guid":{"rendered":"http:\/\/facingthesing.wpengine.com\/?page_id=11"},"modified":"2022-10-10T19:57:03","modified_gmt":"2022-10-11T02:57:03","slug":"contents","status":"publish","type":"page","link":"https:\/\/intelligenceexplosion.com\/fr\/","title":{"rendered":"Sommaire"},"content":{"rendered":"<p><\/p>\n<p><span class=\"dropcap\">U<\/span>n jour, au cours de ce si\u00e8cle, les machines surpasseront les niveaux humains d&rsquo;intelligence et de capacit\u00e9. Cet \u00e9v\u00e9nement \u2014 la \u201cSingularit\u00e9\u201d \u2014 sera le plus important de notre histoire, et r\u00e9ussir \u00e0 y naviguer de mani\u00e8re avis\u00e9e sera la chose la plus importante que nous puissions jamais faire.<\/p>\n<p>Des sommit\u00e9s telles qu&rsquo;Alan Turing, Jack Good, Bill Joy et Stephen Hawking nous ont avertis \u00e0 ce sujet. Ces questions ne d\u00e9pendent pas de l&rsquo;arriv\u00e9e d&rsquo;une Singularit\u00e9 du \u00ab\u00a0changement acc\u00e9l\u00e9r\u00e9\u00a0\u00bb telle que la con\u00e7oit Ray Kurzweil. Pourquoi je pense qu&rsquo;Hawking et compagnie ont raison, et que pouvons-nous y faire ?<\/p>\n<p>Face \u00e0 la Singularit\u00e9 est ma tentative pour r\u00e9pondre \u00e0 ces questions.<\/p>\n<p><\/p>","protected":false},"excerpt":{"rendered":"<p>n jour, au cours de ce si\u00e8cle, les machines surpasseront les niveaux humains d&rsquo;intelligence et de capacit\u00e9. Cet \u00e9v\u00e9nement \u2014 la \u201cSingularit\u00e9\u201d \u2014 sera le plus important de notre histoire, et r\u00e9ussir \u00e0 y naviguer de mani\u00e8re avis\u00e9e sera la&hellip;  <a href=\"https:\/\/intelligenceexplosion.com\/fr\/\">continue reading<\/a> &raquo;<\/p>\n","protected":false},"author":1,"featured_media":0,"parent":0,"menu_order":0,"comment_status":"closed","ping_status":"closed","template":"contents.php","meta":{"_monsterinsights_skip_tracking":false,"_monsterinsights_sitenote_active":false,"_monsterinsights_sitenote_note":"","_monsterinsights_sitenote_category":0,"footnotes":""},"class_list":["post-11","page","type-page","status-publish","hentry"],"_links":{"self":[{"href":"https:\/\/intelligenceexplosion.com\/fr\/wp-json\/wp\/v2\/pages\/11","targetHints":{"allow":["GET"]}}],"collection":[{"href":"https:\/\/intelligenceexplosion.com\/fr\/wp-json\/wp\/v2\/pages"}],"about":[{"href":"https:\/\/intelligenceexplosion.com\/fr\/wp-json\/wp\/v2\/types\/page"}],"author":[{"embeddable":true,"href":"https:\/\/intelligenceexplosion.com\/fr\/wp-json\/wp\/v2\/users\/1"}],"replies":[{"embeddable":true,"href":"https:\/\/intelligenceexplosion.com\/fr\/wp-json\/wp\/v2\/comments?post=11"}],"version-history":[{"count":0,"href":"https:\/\/intelligenceexplosion.com\/fr\/wp-json\/wp\/v2\/pages\/11\/revisions"}],"wp:attachment":[{"href":"https:\/\/intelligenceexplosion.com\/fr\/wp-json\/wp\/v2\/media?parent=11"}],"curies":[{"name":"wp","href":"https:\/\/api.w.org\/{rel}","templated":true}]}}