{"id":11,"date":"2011-11-25T12:50:40","date_gmt":"2011-11-25T20:50:40","guid":{"rendered":"http:\/\/facingthesing.wpengine.com\/?page_id=11"},"modified":"2022-10-10T19:57:03","modified_gmt":"2022-10-11T02:57:03","slug":"contents","status":"publish","type":"page","link":"https:\/\/intelligenceexplosion.com\/it\/","title":{"rendered":"Contenuti"},"content":{"rendered":"<p><span class=\"dropcap\">A<\/span>d un certo punto di questo secolo, le macchine sorpasseranno i livelli umani di intelligenza ed abilit\u00e0. Questo evento\u2014la \u201cesplosione di intelligenza\u201d\u2014sar\u00e0 l\u2019evento pi\u00f9 importante nella nostra storia, e navigare saggiamente in quelle acque sar\u00e0 la cosa pi\u00f9 importante che potremmo mai fare.<\/p>\n<p>Luminari come Alan Turing e <a href=\"http:\/\/en.wikipedia.org\/wiki\/Technological_singularity#Intelligence_explosion\">I. J. Good<\/a> oppure <a href=\"http:\/\/www.wired.com\/wired\/archive\/8.04\/joy.html\">Bill Joy<\/a> e <a href=\"http:\/\/www.zdnet.com\/news\/stephen-hawking-humans-will-fall-behind-ai\/116616\">Stephen Hawking<\/a> ci hanno gi\u00e0 avvertito a riguardo. Perch\u00e9 penso che Hawking e compagnia bella abbiano ragione, e cosa possiamo fare a riguardo?<\/p>\n<p>Affrontare l\u2019esplosione d\u2019intelligenza \u00e8 il mio tentativo di rispondere a queste domande.<\/p>","protected":false},"excerpt":{"rendered":"<p>d un certo punto di questo secolo, le macchine sorpasseranno i livelli umani di intelligenza ed abilit\u00e0. Questo evento\u2014la \u201cesplosione di intelligenza\u201d\u2014sar\u00e0 l\u2019evento pi\u00f9 importante nella nostra storia, e navigare saggiamente in quelle acque sar\u00e0 la cosa pi\u00f9 importante che&hellip;  <a href=\"https:\/\/intelligenceexplosion.com\/it\/\">continue reading<\/a> &raquo;<\/p>\n","protected":false},"author":1,"featured_media":0,"parent":0,"menu_order":0,"comment_status":"closed","ping_status":"closed","template":"contents.php","meta":{"_monsterinsights_skip_tracking":false,"_monsterinsights_sitenote_active":false,"_monsterinsights_sitenote_note":"","_monsterinsights_sitenote_category":0,"footnotes":""},"class_list":["post-11","page","type-page","status-publish","hentry"],"_links":{"self":[{"href":"https:\/\/intelligenceexplosion.com\/it\/wp-json\/wp\/v2\/pages\/11","targetHints":{"allow":["GET"]}}],"collection":[{"href":"https:\/\/intelligenceexplosion.com\/it\/wp-json\/wp\/v2\/pages"}],"about":[{"href":"https:\/\/intelligenceexplosion.com\/it\/wp-json\/wp\/v2\/types\/page"}],"author":[{"embeddable":true,"href":"https:\/\/intelligenceexplosion.com\/it\/wp-json\/wp\/v2\/users\/1"}],"replies":[{"embeddable":true,"href":"https:\/\/intelligenceexplosion.com\/it\/wp-json\/wp\/v2\/comments?post=11"}],"version-history":[{"count":0,"href":"https:\/\/intelligenceexplosion.com\/it\/wp-json\/wp\/v2\/pages\/11\/revisions"}],"wp:attachment":[{"href":"https:\/\/intelligenceexplosion.com\/it\/wp-json\/wp\/v2\/media?parent=11"}],"curies":[{"name":"wp","href":"https:\/\/api.w.org\/{rel}","templated":true}]}}