{"id":11,"date":"2011-11-25T12:50:40","date_gmt":"2011-11-25T20:50:40","guid":{"rendered":"http:\/\/facingthesing.wpengine.com\/?page_id=11"},"modified":"2022-10-10T19:57:03","modified_gmt":"2022-10-11T02:57:03","slug":"contents","status":"publish","type":"page","link":"https:\/\/intelligenceexplosion.com\/sk\/","title":{"rendered":"Obsah"},"content":{"rendered":"<p><span class=\"dropcap\">N<\/span>iekedy v tomto storo\u010d\u00ed stroje prekro\u010dia \u013eudsk\u00fa \u00farove\u0148 inteligencie a schopnost\u00ed. T\u00e1to udalos\u0165 \u2013 \u201eSingularita\u201c \u2013 bude najd\u00f4le\u017eitej\u0161ou udalos\u0165ou v na\u0161ich dejin\u00e1ch, a jej \u00faspe\u0161n\u00e9 prejdenie bude najd\u00f4le\u017eitej\u0161ou vecou, ktor\u00fa kedy urob\u00edme.<\/p>\n<p>Osobnosti od <a href=\"http:\/\/commonsenseatheism.com\/wp-content\/uploads\/2011\/02\/Turing-Intelligent-Machinery-a-heretical-theory.pdf\">Alana Turinga<\/a> a <a href=\"http:\/\/sk.wikipedia.org\/wiki\/Technologick%C3%A1_singularita\">Jacka Gooda<\/a> po <a href=\"http:\/\/www.wired.com\/wired\/archive\/8.04\/joy.html\">Billa Joya<\/a> a <a href=\"http:\/\/www.zdnet.com\/news\/stephen-hawking-humans-will-fall-behind-ai\/116616\">Stephena Hawkinga<\/a> n\u00e1s na toto upozor\u0148ovali; nez\u00e1vis\u00ed to od naplnenia konkr\u00e9tnej predstavy <a href=\"http:\/\/sk.wikipedia.org\/wiki\/Ray_Kurzweil\">Raya Kurzweila<\/a> o\u00a0Singularite \u201ezr\u00fdch\u013euj\u00facej sa zmeny\u201c. Pre\u010do si mysl\u00edm, \u017ee Hawking a spol. maj\u00fa pravdu, a \u010do s\u00a0t\u00fdm m\u00f4\u017eeme urobi\u0165?<\/p>\n<p><em>Zo\u010di-vo\u010di Singularite<\/em> je m\u00f4j pokus odpoveda\u0165 na tieto ot\u00e1zky.<\/p>\n<p><\/p>","protected":false},"excerpt":{"rendered":"<p>iekedy v tomto storo\u010d\u00ed stroje prekro\u010dia \u013eudsk\u00fa \u00farove\u0148 inteligencie a schopnost\u00ed. T\u00e1to udalos\u0165 \u2013 \u201eSingularita\u201c \u2013 bude najd\u00f4le\u017eitej\u0161ou udalos\u0165ou v na\u0161ich dejin\u00e1ch, a jej \u00faspe\u0161n\u00e9 prejdenie bude najd\u00f4le\u017eitej\u0161ou vecou, ktor\u00fa kedy urob\u00edme. Osobnosti od Alana Turinga a Jacka Gooda po&hellip;  <a href=\"https:\/\/intelligenceexplosion.com\/sk\/\">continue reading<\/a> &raquo;<\/p>\n","protected":false},"author":1,"featured_media":0,"parent":0,"menu_order":0,"comment_status":"closed","ping_status":"closed","template":"contents.php","meta":{"_monsterinsights_skip_tracking":false,"_monsterinsights_sitenote_active":false,"_monsterinsights_sitenote_note":"","_monsterinsights_sitenote_category":0,"footnotes":""},"class_list":["post-11","page","type-page","status-publish","hentry"],"_links":{"self":[{"href":"https:\/\/intelligenceexplosion.com\/sk\/wp-json\/wp\/v2\/pages\/11","targetHints":{"allow":["GET"]}}],"collection":[{"href":"https:\/\/intelligenceexplosion.com\/sk\/wp-json\/wp\/v2\/pages"}],"about":[{"href":"https:\/\/intelligenceexplosion.com\/sk\/wp-json\/wp\/v2\/types\/page"}],"author":[{"embeddable":true,"href":"https:\/\/intelligenceexplosion.com\/sk\/wp-json\/wp\/v2\/users\/1"}],"replies":[{"embeddable":true,"href":"https:\/\/intelligenceexplosion.com\/sk\/wp-json\/wp\/v2\/comments?post=11"}],"version-history":[{"count":0,"href":"https:\/\/intelligenceexplosion.com\/sk\/wp-json\/wp\/v2\/pages\/11\/revisions"}],"wp:attachment":[{"href":"https:\/\/intelligenceexplosion.com\/sk\/wp-json\/wp\/v2\/media?parent=11"}],"curies":[{"name":"wp","href":"https:\/\/api.w.org\/{rel}","templated":true}]}}