{"id":16,"date":"2011-11-25T13:02:45","date_gmt":"2011-11-25T21:02:45","guid":{"rendered":"http:\/\/facingthesing.wpengine.com\/?page_id=16"},"modified":"2022-10-10T19:56:43","modified_gmt":"2022-10-11T02:56:43","slug":"about","status":"publish","type":"page","link":"https:\/\/intelligenceexplosion.com\/sk\/about\/","title":{"rendered":"O str\u00e1nke"},"content":{"rendered":"<p>Ahojte, som <a href=\"http:\/\/lukeprog.com\/\">Luke Muehlhauser<\/a>, v\u00fdkonn\u00fd riadite\u013e <a href=\"http:\/\/singinst.org\/\">In\u0161tit\u00fatu Singularity<\/a>. T\u00e1to str\u00e1nka je m\u00f4j kv\u00e1zi kni\u017en\u00fd pokus vysvetli\u0165, pre\u010do som za\u010dal bra\u0165 v\u00e1\u017ene my\u0161lienku prich\u00e1dzaj\u00facej <a href=\"http:\/\/sk.wikipedia.org\/wiki\/Technologick%C3%A1_singularita\">technologickej Singularity<\/a>, a \u010do si mysl\u00edm, \u017ee m\u00f4\u017eeme urobi\u0165, aby sme sa na \u0148u pripravili.<\/p>\n<p>V\u0161imnite si, \u017ee slovo \u201eSingularita\u201c sa pou\u017e\u00edva na ozna\u010denie mnoh\u00fdch vec\u00ed; a ja nehovor\u00edm napr\u00edklad o Singularite z Rayovej Kurzweilovej knihy \u201e<em><a href=\"http:\/\/www.amazon.com\/Singularity-Near-Humans-Transcend-Biology\/dp\/0143037889\/\">Singularita sa bl\u00ed\u017ei<\/a><\/em>\u201c. Hovor\u00edm o\u00a0Singularite \u201e<a href=\"http:\/\/intelligenceexplosion.com\/\">expl\u00f3zie inteligencie<\/a>\u201c z Davidovho Chalmersovho \u010dl\u00e1nku \u201e<a href=\"http:\/\/consc.net\/papers\/singularityjcs.pdf\">Singularita: Filozofick\u00e1 anal\u00fdza<\/a>\u201c. Viac sa m\u00f4\u017eete dozvedie\u0165 na mojich <a href=\"http:\/\/singinst.org\/singularityfaq\">\u010casto kladen\u00fdch ot\u00e1zkach o\u00a0Singularite<\/a>.<\/p>\n<p>Chcete diskutova\u0165 o str\u00e1nke <em>Zo\u010di-vo\u010di Singularite<\/em>? Nav\u0161t\u00edvte <a href=\"http:\/\/lesswrong.com\/r\/discussion\/lw\/8l5\/facingthesingularitycom_discussion_page\/\">diskusiu venovan\u00fa tejto t\u00e9me<\/a>.<\/p>\n<p><small>Slovensk\u00fd preklad: <a href=\"http:\/\/bur.sk\/\">Viliam B\u00far<\/a>.<\/small><\/p>","protected":false},"excerpt":{"rendered":"<p>Ahojte, som Luke Muehlhauser, v\u00fdkonn\u00fd riadite\u013e In\u0161tit\u00fatu Singularity. T\u00e1to str\u00e1nka je m\u00f4j kv\u00e1zi kni\u017en\u00fd pokus vysvetli\u0165, pre\u010do som za\u010dal bra\u0165 v\u00e1\u017ene my\u0161lienku prich\u00e1dzaj\u00facej technologickej Singularity, a \u010do si mysl\u00edm, \u017ee m\u00f4\u017eeme urobi\u0165, aby sme sa na \u0148u pripravili. V\u0161imnite si,&hellip;  <a href=\"https:\/\/intelligenceexplosion.com\/sk\/about\/\">continue reading<\/a> &raquo;<\/p>\n","protected":false},"author":1,"featured_media":0,"parent":0,"menu_order":1,"comment_status":"closed","ping_status":"closed","template":"","meta":{"_monsterinsights_skip_tracking":false,"_monsterinsights_sitenote_active":false,"_monsterinsights_sitenote_note":"","_monsterinsights_sitenote_category":0,"footnotes":""},"class_list":["post-16","page","type-page","status-publish","hentry"],"_links":{"self":[{"href":"https:\/\/intelligenceexplosion.com\/sk\/wp-json\/wp\/v2\/pages\/16","targetHints":{"allow":["GET"]}}],"collection":[{"href":"https:\/\/intelligenceexplosion.com\/sk\/wp-json\/wp\/v2\/pages"}],"about":[{"href":"https:\/\/intelligenceexplosion.com\/sk\/wp-json\/wp\/v2\/types\/page"}],"author":[{"embeddable":true,"href":"https:\/\/intelligenceexplosion.com\/sk\/wp-json\/wp\/v2\/users\/1"}],"replies":[{"embeddable":true,"href":"https:\/\/intelligenceexplosion.com\/sk\/wp-json\/wp\/v2\/comments?post=16"}],"version-history":[{"count":0,"href":"https:\/\/intelligenceexplosion.com\/sk\/wp-json\/wp\/v2\/pages\/16\/revisions"}],"wp:attachment":[{"href":"https:\/\/intelligenceexplosion.com\/sk\/wp-json\/wp\/v2\/media?parent=16"}],"curies":[{"name":"wp","href":"https:\/\/api.w.org\/{rel}","templated":true}]}}