{"id":750,"date":"2013-04-08T12:08:35","date_gmt":"2013-04-08T19:08:35","guid":{"rendered":"http:\/\/intelligenceexplosion.com\/?page_id=750"},"modified":"2022-10-10T19:58:23","modified_gmt":"2022-10-11T02:58:23","slug":"ebook","status":"publish","type":"page","link":"https:\/\/intelligenceexplosion.com\/sk\/ebook\/","title":{"rendered":"<em>Facing the Intelligence Explosion<\/em> is now available as an eBook!"},"content":{"rendered":"<p class=\"qtranxs-available-languages-message qtranxs-available-languages-message-sk\">Je n\u00e1m \u013e\u00fato, t\u00e1to polo\u017eka je k dispoz\u00edcii iba v <a href=\"https:\/\/intelligenceexplosion.com\/en\/wp-json\/wp\/v2\/pages\/750\" class=\"qtranxs-available-language-link qtranxs-available-language-link-en\" title=\"English\">English<\/a><\/p><p><script type=\"text\/javascript\" src=\"https:\/\/gumroad.com\/js\/gumroad.js\"><\/script><br \/>\n<em><img loading=\"lazy\" decoding=\"async\" class=\"alignright size-full wp-image-753\" src=\"http:\/\/intelligenceexplosion.com\/wp-content\/uploads\/2013\/04\/FtIE-Cover-300px.png\" alt=\"Facing the Intelligence Explosion\" width=\"300\" height=\"436\" srcset=\"https:\/\/intelligenceexplosion.com\/wp-content\/uploads\/2013\/04\/FtIE-Cover-300px.png 300w, https:\/\/intelligenceexplosion.com\/wp-content\/uploads\/2013\/04\/FtIE-Cover-300px-206x300.png 206w\" sizes=\"auto, (max-width: 300px) 100vw, 300px\" \/><\/em><\/p>\n<p>A package with three popular formats is now available for <strong>immediate download<\/strong>.<\/p>\n<p>This package is &#8220;pay-what-you-want&#8221; with a <strong>suggested price of $2.99<\/strong>* and&nbsp;contains <em>Facing the Intelligence Explosion<\/em> in three convenient formats:<\/p>\n<ul>\n<li><span style=\"line-height: 13px;\">EPUB (for most e-readers)<\/span><\/li>\n<li>MOBI&nbsp;(for the Amazon Kindle)<\/li>\n<li>PDF<\/li>\n<\/ul>\n<p>All files are DRM-free.&nbsp;Grab a copy today, share it with your friends, and review it on Amazon or the iBookstore.<\/p>\n<p style=\"text-align: center;\"><a class=\"ec_ejc_thkbx gumroad-button\" href=\"https:\/\/gum.co\/intelligenceexplosion\">Buy Now!<\/a><\/p>\n<h1>Other Sources<\/h1>\n<p><em>Facing the Intelligence Explosion<\/em>&nbsp;is also available from these popular providers (also DRM-free):<\/p>\n<p style=\"text-align: center;\"><a href=\"https:\/\/www.amazon.com\/facing-the-intelligence-explosion\/dp\/B00C7YOR5Q\"><img loading=\"lazy\" decoding=\"async\" class=\"size-full wp-image-756\" src=\"http:\/\/intelligenceexplosion.com\/wp-content\/uploads\/2013\/05\/amazon-150px.jpg\" alt=\"amazon-150px\" width=\"150\" height=\"29\"><\/a><br \/>\n<small>(Also available from&nbsp;<a href=\"https:\/\/www.amazon.ca\/facing-the-intelligence-explosion\/dp\/B00C7YOR5Q\">amazon.ca<\/a>, <a href=\"https:\/\/www.amazon.co.uk\/facing-the-intelligence-explosion\/dp\/B00C7YOR5Q\">amazon.co.uk<\/a>, and most others.)<\/small><\/p>\n<p style=\"text-align: center;\"><a href=\"https:\/\/itunes.apple.com\/us\/book\/facing-intelligence-explosion\/id623915471?ls=1\"><img loading=\"lazy\" decoding=\"async\" src=\"http:\/\/intelligenceexplosion.com\/wp-content\/uploads\/2013\/05\/iBookstore-150px.jpg\" alt=\"iBookstore-150px\" width=\"150\" height=\"48\"><\/a><br \/>\n<small>(Also available from <a href=\"https:\/\/itunes.apple.com\/ca\/book\/facing-intelligence-explosion\/id623915471?ls=1\">iBookstore Canada<\/a>, <a href=\"https:\/\/itunes.apple.com\/gb\/book\/facing-intelligence-explosion\/id623915471?ls=1\">iBookstore UK<\/a>, and most others.)<\/small><\/p>\n<p style=\"text-align: center;\">* * *<\/p>\n<p><small>*The minimum price is $0.00.&nbsp;<strong>All proceeds go directly to funding the technical and strategic <a href=\"http:\/\/intelligence.org\/research\/\">research<\/a> of the <a href=\"http:\/\/intelligence.org\/\">Machine Intelligence Research Institute<\/a>,<\/strong> a 501(c)(3) nonprofit organization based in Berkeley, California.<\/small><\/p>","protected":false},"excerpt":{"rendered":"<p>Je n\u00e1m \u013e\u00fato, t\u00e1to polo\u017eka je k dispoz\u00edcii iba v English A package with three popular formats is now available for immediate download. This package is &#8220;pay-what-you-want&#8221; with a suggested price of $2.99* and&nbsp;contains Facing the Intelligence Explosion in three&hellip;  <a href=\"https:\/\/intelligenceexplosion.com\/sk\/ebook\/\">continue reading<\/a> &raquo;<\/p>\n","protected":false},"author":4,"featured_media":0,"parent":0,"menu_order":0,"comment_status":"closed","ping_status":"closed","template":"","meta":{"_monsterinsights_skip_tracking":false,"_monsterinsights_sitenote_active":false,"_monsterinsights_sitenote_note":"","_monsterinsights_sitenote_category":0,"footnotes":""},"class_list":["post-750","page","type-page","status-publish","hentry"],"_links":{"self":[{"href":"https:\/\/intelligenceexplosion.com\/sk\/wp-json\/wp\/v2\/pages\/750","targetHints":{"allow":["GET"]}}],"collection":[{"href":"https:\/\/intelligenceexplosion.com\/sk\/wp-json\/wp\/v2\/pages"}],"about":[{"href":"https:\/\/intelligenceexplosion.com\/sk\/wp-json\/wp\/v2\/types\/page"}],"author":[{"embeddable":true,"href":"https:\/\/intelligenceexplosion.com\/sk\/wp-json\/wp\/v2\/users\/4"}],"replies":[{"embeddable":true,"href":"https:\/\/intelligenceexplosion.com\/sk\/wp-json\/wp\/v2\/comments?post=750"}],"version-history":[{"count":0,"href":"https:\/\/intelligenceexplosion.com\/sk\/wp-json\/wp\/v2\/pages\/750\/revisions"}],"wp:attachment":[{"href":"https:\/\/intelligenceexplosion.com\/sk\/wp-json\/wp\/v2\/media?parent=750"}],"curies":[{"name":"wp","href":"https:\/\/api.w.org\/{rel}","templated":true}]}}