{"id":11,"date":"2011-11-25T12:50:40","date_gmt":"2011-11-25T20:50:40","guid":{"rendered":"http:\/\/facingthesing.wpengine.com\/?page_id=11"},"modified":"2022-10-10T19:57:03","modified_gmt":"2022-10-11T02:57:03","slug":"contents","status":"publish","type":"page","link":"https:\/\/intelligenceexplosion.com\/sv\/","title":{"rendered":"Inneh\u00e5ll"},"content":{"rendered":"<p><span class=\"dropcap\">N<\/span>\u00e5gon g\u00e5ng detta sekel s\u00e5 kommer maskiner att \u00f6vertr\u00e4ffa m\u00e4nsklig intelligens och f\u00f6rm\u00e5ga. Denna h\u00e4ndelse \u2013 \u201dintelligensexplosionen\u201d \u2013 kommer vara den viktigaste h\u00e4ndelsen i v\u00e5r historia, och att navigera den f\u00f6rst\u00e5ndigt kommer vara det viktigaste vi n\u00e5gonsin kan g\u00f6ra.<br \/>\nNotabiliteter fr\u00e5n Alan Turing och <a href=\"http:\/\/en.wikipedia.org\/wiki\/Technological_singularity#Intelligence_explosion\">I. J. Good<\/a> till <a href=\"http:\/\/www.wired.com\/wired\/archive\/8.04\/joy.html\">Bill Joy<\/a> och <a href=\"http:\/\/www.zdnet.com\/news\/stephen-hawking-humans-will-fall-behind-ai\/116616\">Stephen Hawking<\/a> har varnat oss om detta. Varf\u00f6r tror jag Hawking och kompani har r\u00e4tt, och vad kan vi g\u00f6ra \u00e5t saken?<br \/>\n<em>Att m\u00f6ta Intelligensexplosionen<\/em> \u00e4r mitt f\u00f6rs\u00f6k att besvara dessa fr\u00e5gor.<\/p>","protected":false},"excerpt":{"rendered":"<p>\u00e5gon g\u00e5ng detta sekel s\u00e5 kommer maskiner att \u00f6vertr\u00e4ffa m\u00e4nsklig intelligens och f\u00f6rm\u00e5ga. Denna h\u00e4ndelse \u2013 \u201dintelligensexplosionen\u201d \u2013 kommer vara den viktigaste h\u00e4ndelsen i v\u00e5r historia, och att navigera den f\u00f6rst\u00e5ndigt kommer vara det viktigaste vi n\u00e5gonsin kan g\u00f6ra. Notabiliteter&hellip;  <a href=\"https:\/\/intelligenceexplosion.com\/sv\/\">continue reading<\/a> &raquo;<\/p>\n","protected":false},"author":1,"featured_media":0,"parent":0,"menu_order":0,"comment_status":"closed","ping_status":"closed","template":"contents.php","meta":{"_monsterinsights_skip_tracking":false,"_monsterinsights_sitenote_active":false,"_monsterinsights_sitenote_note":"","_monsterinsights_sitenote_category":0,"footnotes":""},"class_list":["post-11","page","type-page","status-publish","hentry"],"_links":{"self":[{"href":"https:\/\/intelligenceexplosion.com\/sv\/wp-json\/wp\/v2\/pages\/11","targetHints":{"allow":["GET"]}}],"collection":[{"href":"https:\/\/intelligenceexplosion.com\/sv\/wp-json\/wp\/v2\/pages"}],"about":[{"href":"https:\/\/intelligenceexplosion.com\/sv\/wp-json\/wp\/v2\/types\/page"}],"author":[{"embeddable":true,"href":"https:\/\/intelligenceexplosion.com\/sv\/wp-json\/wp\/v2\/users\/1"}],"replies":[{"embeddable":true,"href":"https:\/\/intelligenceexplosion.com\/sv\/wp-json\/wp\/v2\/comments?post=11"}],"version-history":[{"count":0,"href":"https:\/\/intelligenceexplosion.com\/sv\/wp-json\/wp\/v2\/pages\/11\/revisions"}],"wp:attachment":[{"href":"https:\/\/intelligenceexplosion.com\/sv\/wp-json\/wp\/v2\/media?parent=11"}],"curies":[{"name":"wp","href":"https:\/\/api.w.org\/{rel}","templated":true}]}}