{"id":16,"date":"2011-11-25T13:02:45","date_gmt":"2011-11-25T21:02:45","guid":{"rendered":"http:\/\/facingthesing.wpengine.com\/?page_id=16"},"modified":"2022-10-10T19:56:43","modified_gmt":"2022-10-11T02:56:43","slug":"about","status":"publish","type":"page","link":"https:\/\/intelligenceexplosion.com\/sv\/about\/","title":{"rendered":"Om webbplatsen"},"content":{"rendered":"<p class=\"qtranxs-available-languages-message qtranxs-available-languages-message-sv\">Tyv\u00e4rr \u00e4r denna artikel enbart tillg\u00e4nglig p\u00e5 <a href=\"https:\/\/intelligenceexplosion.com\/en\/wp-json\/wp\/v2\/pages\/16\" class=\"qtranxs-available-language-link qtranxs-available-language-link-en\" title=\"English\">English<\/a> och <a href=\"https:\/\/intelligenceexplosion.com\/sk\/wp-json\/wp\/v2\/pages\/16\" class=\"qtranxs-available-language-link qtranxs-available-language-link-sk\" title=\"Sloven\u010dina\">Sloven\u010dina<\/a>.<\/p><p>Hi, I\u2019m <a href=\"http:\/\/lukeprog.com\/\">Luke Muehlhauser<\/a>.\u00a0I am the former Executive Director of the <a href=\"http:\/\/intelligence.org\/\">Machine Intelligence Research Institute<\/a>\u00a0(MIRI), current Research Analyst at the <a href=\"http:\/\/www.openphilanthropy.org\/\">Open Philanthropy Project<\/a> (OpenPhil), and author of\u00a0<em>Facing the Intelligence Explosion<\/em>. This book is my attempt to explain why I came to take seriously the idea of a coming <a href=\"http:\/\/en.wikipedia.org\/wiki\/Technological_singularity#Intelligence_explosion\">intelligence explosion<\/a>, and what I think we can do to prepare for it.<\/p>\n<p>Want to discuss <em>Facing the Intelligence Explosion<\/em>? Visit the <a href=\"http:\/\/lesswrong.com\/r\/discussion\/lw\/8l5\/facingthesingularitycom_discussion_page\/\">dedicated discussion page<\/a>.<\/p>\n<p><em>Facing the Intelligence Explosion<\/em> was published in 2013.<\/p>\n<p><small>This site uses the <a href=\"http:\/\/madebyraygun.com\/wordpress\/themes\/melville\/\">Melville theme<\/a> for <a href=\"http:\/\/wordpress.org\/\">WordPress<\/a>, customized by <a href=\"http:\/\/dbaupp.github.com\/\">Huon Wilson<\/a>. Header image [<a href=\"http:\/\/facingthesing.wpengine.com\/wp-content\/uploads\/2012\/05\/finalv02.png\">full size<\/a>] by Eran Cantrell. French translation by <a href=\"http:\/\/lifeboat.com\/ex\/bios.florent.berthet\">Florent Berthet<\/a>. German translation by <a href=\"http:\/\/wallowinmaya.wordpress.com\/\">David Althaus<\/a> and\u00a0Dominik Seitz.<\/small><\/p>","protected":false},"excerpt":{"rendered":"<p>Tyv\u00e4rr \u00e4r denna artikel enbart tillg\u00e4nglig p\u00e5 English och Sloven\u010dina.Hi, I\u2019m Luke Muehlhauser.\u00a0I am the former Executive Director of the Machine Intelligence Research Institute\u00a0(MIRI), current Research Analyst at the Open Philanthropy Project (OpenPhil), and author of\u00a0Facing the Intelligence Explosion. This&hellip;  <a href=\"https:\/\/intelligenceexplosion.com\/sv\/about\/\">continue reading<\/a> &raquo;<\/p>\n","protected":false},"author":1,"featured_media":0,"parent":0,"menu_order":1,"comment_status":"closed","ping_status":"closed","template":"","meta":{"_monsterinsights_skip_tracking":false,"_monsterinsights_sitenote_active":false,"_monsterinsights_sitenote_note":"","_monsterinsights_sitenote_category":0,"footnotes":""},"class_list":["post-16","page","type-page","status-publish","hentry"],"_links":{"self":[{"href":"https:\/\/intelligenceexplosion.com\/sv\/wp-json\/wp\/v2\/pages\/16","targetHints":{"allow":["GET"]}}],"collection":[{"href":"https:\/\/intelligenceexplosion.com\/sv\/wp-json\/wp\/v2\/pages"}],"about":[{"href":"https:\/\/intelligenceexplosion.com\/sv\/wp-json\/wp\/v2\/types\/page"}],"author":[{"embeddable":true,"href":"https:\/\/intelligenceexplosion.com\/sv\/wp-json\/wp\/v2\/users\/1"}],"replies":[{"embeddable":true,"href":"https:\/\/intelligenceexplosion.com\/sv\/wp-json\/wp\/v2\/comments?post=16"}],"version-history":[{"count":0,"href":"https:\/\/intelligenceexplosion.com\/sv\/wp-json\/wp\/v2\/pages\/16\/revisions"}],"wp:attachment":[{"href":"https:\/\/intelligenceexplosion.com\/sv\/wp-json\/wp\/v2\/media?parent=16"}],"curies":[{"name":"wp","href":"https:\/\/api.w.org\/{rel}","templated":true}]}}